{"id":57,"date":"2022-06-04T17:54:52","date_gmt":"2022-06-04T17:54:52","guid":{"rendered":"https:\/\/daahk.org\/eng\/?page_id=57"},"modified":"2024-06-22T12:44:18","modified_gmt":"2024-06-22T09:44:18","slug":"contact","status":"publish","type":"page","link":"https:\/\/daahk.org\/eng\/contact\/","title":{"rendered":"Contact"},"content":{"rendered":"<h3 style=\"text-align: left;\"><span style=\"color: #000000;\">Scientific Secretariat<\/span><\/h3>\n<blockquote><p><span style=\"color: #000000;\"><strong>Engin Burak SEL\u00c7UK, MD. Prof.<\/strong><\/span><\/p>\n<p><span style=\"color: #000000;\">\u0130n\u00f6n\u00fc University Medical Faculty<\/span><\/p>\n<p><span style=\"color: #000000;\">Family Medicine Department. Malatya, Turkey<\/span><\/p>\n<p>&nbsp;<\/p>\n<p><span style=\"color: #000000;\"><strong>Sanem Nemmezi KARACA, MD. Assoc. Prof.<\/strong><\/span><\/p>\n<p><span style=\"color: #000000;\">Cumhuriyet University Medical Faculty<\/span><\/p>\n<p><span style=\"color: #000000;\">Family Medicine Department. Sivas, Turkey<\/span><\/p>\n<p><span style=\"color: #000000;\">e-mail:<a style=\"color: #000000;\" href=\"mailto:scientific@daahk.org\">\u00a0scientific@daahk.org<\/a><\/span><\/p>\n<p>&nbsp;<\/p><\/blockquote>\n<h3 style=\"text-align: left;\"><span style=\"color: #000000;\">Organizing Secretariat<\/span><\/h3>\n<blockquote>\n<p style=\"text-align: left;\"><span style=\"color: #000000;\"><img loading=\"lazy\" decoding=\"async\" class=\"alignleft wp-image-75\" src=\"https:\/\/daahk.org\/en\/wp-content\/uploads\/2018\/07\/logo_8-2.jpg\" sizes=\"auto, (max-width: 300px) 100vw, 300px\" srcset=\"https:\/\/daahk.org\/en\/wp-content\/uploads\/2018\/07\/logo_8-2.jpg 1067w, https:\/\/daahk.org\/en\/wp-content\/uploads\/2018\/07\/logo_8-2-300x192.jpg 300w, https:\/\/daahk.org\/en\/wp-content\/uploads\/2018\/07\/logo_8-2-768x492.jpg 768w, https:\/\/daahk.org\/en\/wp-content\/uploads\/2018\/07\/logo_8-2-1024x656.jpg 1024w, https:\/\/daahk.org\/en\/wp-content\/uploads\/2018\/07\/logo_8-2-520x333.jpg 520w, https:\/\/daahk.org\/en\/wp-content\/uploads\/2018\/07\/logo_8-2-740x474.jpg 740w\" alt=\"\" width=\"300\" height=\"192\" \/><\/span><\/p>\n<p style=\"text-align: left;\"><span style=\"color: #000000;\"><strong>Kum Group Congress &amp; Organizations<\/strong><\/span><\/p>\n<p style=\"text-align: left;\"><span style=\"color: #000000;\">Ye\u015fil Yurt mah. \u00a070563 Sok. Seyhan \/ 01150\u00a0 Adana \u2013 Turkey<\/span><\/p>\n<p style=\"text-align: left;\"><span style=\"color: #000000;\"><em><strong>Elmas YAPICI (Mrs)<\/strong><\/em><\/span><\/p>\n<p style=\"text-align: left;\"><span style=\"color: #000000;\">Operation Executive<\/span><\/p>\n<p style=\"text-align: left;\"><span style=\"color: #000000;\">e \u2013 mail:\u00a0<a style=\"color: #000000;\" href=\"mailto:daahk@kumgroup.net\">daahk@kumgroup.net<\/a><\/span><\/p>\n<p style=\"text-align: left;\"><span style=\"color: #000000;\"><a style=\"color: #000000;\" href=\"http:\/\/www.kumgroup.net\/\">www.kumgroup.net<\/a><\/span><\/p>\n<p style=\"text-align: left;\"><span style=\"color: #000000;\">All inquiries regarding registration, payment and letters of invitation should be made to\u00a0email :\u00a0<a style=\"color: #000000;\" href=\"mailto:daahk@kumgroup.net\">daahk@kumgroup.net<\/a><\/span><\/p>\n<\/blockquote>\n","protected":false},"excerpt":{"rendered":"<p>Scientific Secretariat Engin Burak SEL\u00c7UK, MD. Prof. \u0130n\u00f6n\u00fc University Medical Faculty Family Medicine Department. Malatya, Turkey &nbsp; Sanem Nemmezi KARACA, MD. Assoc. Prof. Cumhuriyet University Medical Faculty Family Medicine Department. Sivas, Turkey e-mail:\u00a0scientific@daahk.org &nbsp; Organizing Secretariat Kum Group Congress &amp; Organizations Ye\u015fil Yurt mah. \u00a070563 Sok. Seyhan \/ 01150\u00a0 Adana \u2013 Turkey Elmas YAPICI (Mrs) Operation Executive e \u2013 mail:\u00a0daahk@kumgroup.net&#8230;<\/p>\n","protected":false},"author":1,"featured_media":0,"parent":0,"menu_order":0,"comment_status":"closed","ping_status":"closed","template":"page-templates\/full-width-container.php","meta":{"footnotes":""},"class_list":["post-57","page","type-page","status-publish","hentry"],"_links":{"self":[{"href":"https:\/\/daahk.org\/eng\/wp-json\/wp\/v2\/pages\/57","targetHints":{"allow":["GET"]}}],"collection":[{"href":"https:\/\/daahk.org\/eng\/wp-json\/wp\/v2\/pages"}],"about":[{"href":"https:\/\/daahk.org\/eng\/wp-json\/wp\/v2\/types\/page"}],"author":[{"embeddable":true,"href":"https:\/\/daahk.org\/eng\/wp-json\/wp\/v2\/users\/1"}],"replies":[{"embeddable":true,"href":"https:\/\/daahk.org\/eng\/wp-json\/wp\/v2\/comments?post=57"}],"version-history":[{"count":5,"href":"https:\/\/daahk.org\/eng\/wp-json\/wp\/v2\/pages\/57\/revisions"}],"predecessor-version":[{"id":359,"href":"https:\/\/daahk.org\/eng\/wp-json\/wp\/v2\/pages\/57\/revisions\/359"}],"wp:attachment":[{"href":"https:\/\/daahk.org\/eng\/wp-json\/wp\/v2\/media?parent=57"}],"curies":[{"name":"wp","href":"https:\/\/api.w.org\/{rel}","templated":true}]}}