{"id":51,"date":"2022-06-04T17:53:53","date_gmt":"2022-06-04T17:53:53","guid":{"rendered":"https:\/\/daahk.org\/eng\/?page_id=51"},"modified":"2023-09-14T20:34:07","modified_gmt":"2023-09-14T17:34:07","slug":"about-adana","status":"publish","type":"page","link":"https:\/\/daahk.org\/eng\/about-adana\/","title":{"rendered":"About ADANA"},"content":{"rendered":"<p><iframe loading=\"lazy\" title=\"\u00c7ukurova Turizm Filmi\" width=\"640\" height=\"360\" src=\"https:\/\/www.youtube.com\/embed\/mUXK33sD8eg?feature=oembed\" frameborder=\"0\" allow=\"accelerometer; autoplay; clipboard-write; encrypted-media; gyroscope; picture-in-picture; web-share\" referrerpolicy=\"strict-origin-when-cross-origin\" allowfullscreen><\/iframe><\/p>\n<h3><span style=\"color: #000000;\"><strong>Adana<\/strong><strong><br \/>\n<\/strong><\/span><\/h3>\n<p><span style=\"color: #000000;\">Area: 17.253 km\u00b2<\/span><br \/>\n<span style=\"color: #000000;\">Population: 2.349.478 (2012)<\/span><\/p>\n<p><span style=\"color: #000000;\"><strong>Geographical Location:<\/strong>\u00a0Adana is situated on the Seyhan River in \u00c7ukurova Plain which is in the South of Taurus Mountains. Adana, which has approximately 160 km shore of Mediterranean Sea, is on the crossroads of important transportation that link Europe to Asia.<\/span><\/p>\n<p><span style=\"color: #000000;\"><strong>Neighbouring Provinces :\u00a0<\/strong>On the east Osmaniye ( 90 km) and Hatay ( 190 km), on the northeast K.Mara\u015f ( 187 km), on the north Kayseri ( 323 km), on the northwest Ni\u011fde ( 205 km), on the west Mersin ( 70 km).<\/span><\/p>\n<p><span style=\"color: #000000;\"><strong>Topography\u00a0<\/strong>(Mountains, Rivers, Lakes etc.): Highway and railway connection with Middle East are enabled through Adana. These connections are enabled through G\u00fclek Strait on Taurus Mountains. % 49 of total area is mountainous, % 23 is plateau and % 27 is plain. From south to north, the height of Taurus Mountains exceeds 2500 m. Foothills of Taurus Mountains turn into a plain shape towards the Mediterranean Sea. Seyhan and Ceyhan Rivers which rise from central Anatolia empty into the Mediterranean. Yedi G\u00f6ller (Seven Lakes) is on the peak of Taurus Mountains. There are Seyhan and \u00c7atalan dam lakes on Seyhan River. There is Aslanta\u015f dam Lake on Ceyhan River and Akyatan and A\u011fyatan bird paradise lakes in Karata\u015f.<\/span><\/p>\n<p><span style=\"color: #000000;\"><strong>Climate:<\/strong>\u00a0Adana has a typical Mediterranean climate. Winters are warm and summers are hot and dry. Average rainfall is 625 mm. %51 of rainfall is in winter, % 26 in spring, % 18 in autumn and %5 in summer. The coldest month is January (average 9 C) , the hottest month is August (aveage 28 C).<\/span><\/p>\n<p><span style=\"color: #000000;\"><strong>Flora:\u00a0<\/strong>You can see a flora which is specific to Mediterranean. To the heights up to 700-800 meters, mersin (murt) (myrte) (myrturs cummunis), sandal (sukhad)(arbutus andrachne), kermes me\u015fesi (cermes oak)(quercus coccifera), \u00e7\u0131nar (plane tree)(platanus orientatis), yabani zeytin (wild olive tree)(oleaeuropea sylvestris), ak\u00e7a kesme (philyrea latifolia), menengi\u00e7 (terebinth ) (pistacia terebinthus), sak\u0131z a\u011fac\u0131 (gumwood)(pistacia lentiscus), funda (erica)(erica verticillata), erguvan (cercis)(cercis siliquastrum), kara \u00e7al\u0131 (blackthorn)(paliurus spina), zakkum (oleander)(nerium oleander), okaliptus (eucalyptus)(ecalypus spp) can be seen. Over 800 meters , me\u015fe (oak)(quercus calliprinus), k\u0131z\u0131lc\u0131k (cornelian cherry)(cornusman), defne (daphne)(laurus canseriensis), in higher parts some sorts of pine (pinus nigra, pinus sylvestres), ard\u0131\u00e7 (juniper)(junipearus), kay\u0131n (beech)(fagun), toros g\u00f6knar\u0131 (taurus fir\/abies)(abies cilicica), sedir (cedar)(cedrus libani) can be seen. And over 2000 meters, a natural beauty of grasslands that resemble to those of Alps\u2019 can be seen.<\/span><\/p>\n<p><span style=\"color: #000000;\">In \u00c7ukurova region, knobbly plants like kardelen (galanthus plicus), yabani siklamen (cyclamen mirabille hidebr), ada sogani, nergis (snowdrop)(narissus), s\u00fcmb\u00fcl (hyacinth)(hyacinthus) and similar plants can be seen in spring.<\/span><\/p>\n<p><span style=\"color: #000000;\">Also it is known that gelincik \u00e7i\u00e7e\u011fi (corn poppy)(pampal) which grows in rural areas is different from those in Europe.<\/span><\/p>\n<p><span style=\"color: #000000;\"><strong>History<br \/>\n<\/strong>HistoryIn 1900 B.C. Kingdom of Luwian ( a branch of Hittites), in 1500-1333 B.C. Arzava Kingdom (a group that has East origin but seperate from Hittites), in 1900-1200 B.C. Kingdom of Hittites , in 1190-713 B.C. Kingdom of Kue (Phrygians), in 713-660 B.C. Kingdom of Assyria , in 663-612 B.C. Kingdom of Cilicia, in 612-333 B.C. Persian Satrap, in 333-323 B.C. Hellenistic period , in 312-1333 B.C. Sel\u00f6kidler, in 178-112 B.C. Karsunlar period , in 395-638 B.C. Byzantines and in 638 A.D. Islamic period. Occupied by Kingdom of Armenian, Egyptian Turkish Memlukes, Ramazanogullar\u0131, Ottomans, and Frenchs respectively, Adana gained independence on 5 January 1922. Thus, Adana witnessed 10 great and different civilisations and 18 different political structures throughout the history.<\/span><\/p>\n<p><span style=\"color: #000000;\">Adana\u2019s history dates back to 6000 B.C. because of its geographical location situated on the fertile and watery delta of Seyhan and Ceyhan rivers. Adana is one of the most important cities of ancient Cilicia. It is the cradle of lots of civilisation from The Hittites to The Ottomans. According to the Greek Mythology, the name \u201cAdana\u201d comes from the son of God of Heavens \u201cAdanus\u201d. It is located on the bank of Seyhan (Sarus) river which makes large bends on Taurus Mountains, plains and empties into the Mediterranean Sea. Tepeba\u011f Mound which is in the center of Adana belongs to the Neolithic period when humankind started built-in life. It is one of the most ancient settlement places of the world whose history dates back to 6000 B.C. When Adana was the center of Kiznuwatna Kingdom, it joined The Hittite Federation in 1350\u2019s B.C. In the 9th Century B.C. it passed into the hands of Assyrians and in the 7th Century B.C. into the hands of Persians. Hosting Alexander the Great and his army in 333 B.C. Adana passed into the hands of Macedonians after the war of Issos and into the hands of Selefkiler after the death of Alexander. When it was under the domination of Roman Empire in the 1st century when the famous orator Cicero was serving as the governer of the state in the region, Adana was the biggest comercial center of East Roman Empire. By passing into the hands of Sasanid Empire in 260 A.D., Byzantines in the 4th century A.D. Abbasids in the 8th century, again Byzantines in the 10th century, Seljuks in the 11th century, Armenians in the 12th century and Mamelukes in the 14th century , it became a Turkish land.<\/span><\/p>\n<p><span style=\"color: #000000;\">Turks, who came to \u00c7ukurova from Middle East during the reign of Turkish Mameluke Empire, pioneered in the establishment of a new civilisation on this fertile and watery land. The name of the Pyramos River became Ceyhan and the name of Sarus River became Seyhan.<\/span><\/p>\n<p><span style=\"color: #000000;\">Founded in 1352 in Adana, Ramazanoglu Principality continued until 1517. At that time Yavuz Sultan Selim who was going to Egyptian Expedition connected Adana to Ottoman Empire. Adana hosted to Suleiman the Magnificient who was going to expedition to the East in 1535, to Sultan VI. Murat who was going expedition to Baghdad in 1638, to the son of governer of Egypt who rebelled against Ottoman Empire , Ibrahim Pasha, and his army.<\/span><\/p>\n<p><span style=\"color: #000000;\">In 1918, the time of the end of the World War I, a new struggle for Turks began.<\/span><\/p>\n<p><span style=\"color: #000000;\">Arriving in Adana on 31 October 1918 and taking over the command of Lightening Army from German Marshal Liman Von Sanders , Mustafa Kemal Atat\u00fcrk gave the first signs of War of Independence by saying \u201cFor allies the war may have ended, but what interests us; the war , the war of our own future, now begins.\u201d In the meantime, enemy forces started to occupy Adana and around of it. Their objective was to found an Armenian state that provides support for European states. In the years 1918-1919 invaders applied torture and persecution. People of Adana who couldn\u2019t bear these pressures established \u201cCilicia National Forces Organization\u201d.<\/span><\/p>\n<p><span style=\"color: #000000;\">On 5 August 1920 Mustafa Kemal , Fevzi \u00c7akmak and deputies came Pozant\u0131, declared here a province and did Pozant\u0131 Congress there. In November 1920 The Frenchs were defeated and French Government officially recognized Turkish Grand National Assembly Government. On 20 October 1921 \u201cAnkara Treaty\u201d was signed with Frenchs. In accordance with this agreement on 5 January 1922 Frenchs were completely seperated from \u00c7ukurova. After this, provincial center was moved back to Adana.<\/span><br \/>\n<span style=\"color: #000000;\">Where to Visit<\/span><\/p>\n<p><span style=\"color: #000000;\"><strong>Ancient Cities<br \/>\n<\/strong>Anavarza Located in Ceyhan near the village of Dilekkaya , 20 km along the Kozan-Kadirli road, the ruins resemble an open-air museum. Anavarza Castle still has traces of Roman and Muslim history, with well-preserved relics including the castle walls, the triumphal arch, numerous columns and two pools decorated with mosaics in front of the guard house.<\/span><\/p>\n<p><span style=\"color: #000000;\">Sar 20 km northeast of Tufanbeyli, these ruins were the scenes of the most important religious Hittite ceremonies, performed in honour of the Mother Goddess Magda-Mater. In addition, there is a Roman theatre and a Byzantine church besides the 6-metre high Ala Kapi, which is made of marble blocks.<\/span><\/p>\n<p><span style=\"color: #000000;\"><strong>Magarsus\u00a0<\/strong>An ancient port city, west of the modern town of Karatas, the city of Magarsus has the remains of a theatre, temple, church and baths.<\/span><\/p>\n<p><span style=\"color: #000000;\">Aegaea (Ayas) This ancient port city between Yumurtalik and Ayas has a three-storey watch tower, Ottoman and Roman baths beside the city walls.<\/span><\/p>\n<p><span style=\"color: #000000;\"><strong>Mosques<br \/>\nUlu Cami\u00a0<\/strong>Built in 1507 in Syrian or Mamluk style, this attractive mosque has black and white marble and decorative window surrounds. Inside is the tomb of Halil Bey, Emir of the Ramazanoglu Turks who ruled before the Ottomans, which contains beautiful mosaics made from Iznik tiles.<\/span><\/p>\n<p><span style=\"color: #000000;\"><strong>Sabanci Merkez Cami<\/strong>\u00a0This recently constructed mosque has an immense capacity of over 28,000, and is the third largest in Turkey, with the highest dome. Brand new in style, it has six minarets and lies next to the Girne Bridge. Much of its financing was from the Sabanci family, originally from the area and now the second richest in the country.<\/span><\/p>\n<p><span style=\"color: #000000;\"><strong>Yag Camii<\/strong>\u00a0With one bay originally used as the Church of St James, until incorporated into the main body, the Yag Camii was built in 1501 and has an impressive portal.<\/span><\/p>\n<p><span style=\"color: #000000;\"><strong>Ulu Mosque and Kulliye<\/strong>\u00a0(Ramazano\u011flu Mosque, Center): It was constructed in 1507 by one of the famous governors of Ramazano\u011flu Governorship, Halil Bey.The complex which was perched on a square plan composes of a mosque, theology school, mausoleum (Halil Bey Mausoleum), harem chamber known as the religious foundation of the palace and greeting hall also called as Tuz Inn. Being different from classical Ottoman mosques, Ulu mosque has no excessive vertical massive impact and reflects to the methods of Memluks and Seljukians. The mosque is famous with its colored rock and \u0130znik tile decorations as well as its architecture. On square and hexagon plates,the dominant colors of the adornments of the tiles are turquoise, dark blue and red on a white background, complying with the unique colors of the period, which evokes admiration.<\/span><\/p>\n<p><span style=\"color: #000000;\"><strong>Ya\u011f Mosque<\/strong>\u00a0(Former Mosque, Center): Appanding further structures to Saint Jacques Church, Ramazano\u011flu Halil Bey made this anew construction built in 1501. Halil Bey\u2019s son Piri Mehmet Pa\u015fa constructed its minaret in 1525, and its theology school in 1558. It is similar to the Seljuk Ulu mosque architecture.<\/span><\/p>\n<p><span style=\"color: #000000;\"><strong>Hasana\u011fa Mosque<\/strong>\u00a0(Center): It is constructed by Hasana\u011fa (Hasan Keth\u00fcda) during Piri Mehmet Pa\u015fa period in 1558. It is the only sample reflecting the mosque type of the classical era (1501-1703). It is mentioned that its plan is drawn by Mimar Sinan.<\/span><\/p>\n<p><span style=\"color: #000000;\"><strong>Ho\u015fkadem Mosque<\/strong>\u00a0(Kozan): It is understood from its inscription that it was constructed by Memluk Governor, Abdullah Ho\u015fkadem in 1448. The mosque with a huge structure has rectangular plan.<\/span><\/p>\n<p><span style=\"color: #000000;\"><strong>Kurtkula\u011f\u0131 Mosque\u00a0<\/strong>(Ceyhan \u2013 Kurtkula\u011f\u0131 Mosque): It is constructed by a philanthropic, known as Haydar A\u011fa in 1601. It was repaired in 1659 by Mimar Mehmet A\u011fa, and a part of the wall that encircle the courtyard was turned into a eyvan (a vaulted room with one side open to a court). It is one of the structures which could reserve a separate place within Turkish Architecture especially with its proportion to main structure and domes of the former minaret.<\/span><\/p>\n<p><span style=\"color: #000000;\"><strong>Beaches<br \/>\n<\/strong>The unique highland beauty of Tekir, Burucek, Aladaglar, Horzum Findikli, Hamidiye, Asar, Asmacik, Armutoluk, Belemedik, Meydan, Camliyayla and Kizildag will appeal to tourists wanting to get back to nature.<\/span><\/p>\n<p><span style=\"color: #000000;\"><strong>Bird-watching<br \/>\n<\/strong>Aladaglar, Tuzla Lake, Akyatan Lake, Agyatan Lake, Yumurtalik Lagoons and Gaver Lake are all Bird Protection Areas, and are in the vicinity of Adana province.<\/span><\/p>\n<p><span style=\"color: #000000;\"><strong>Thermal Springs<br \/>\n<\/strong>The Haruniye Thermal Tourism Centre in Bahce, Acisu Springs near Aladag, Tahtalikoy, Kokarpinar and Kurttepe springs in Ceyhan are known to be beneficial for those suffering from certain illnesses.<\/span><\/p>\n<p><span style=\"color: #000000;\"><strong>Sporting Activities<br \/>\n<\/strong>Surfing is possible in the dam lake of Adana. There are excellent trekking, cycling, and horse-riding trails in the highlands. Fishing is popular around the Seyhan and Ceyhan rivers, and the mountain streams have a good supply of trout. Adana also offers many possibilities for hunting, as well as various wildlife preserves breeding mountain goats, fallow and roe deer at the slopes of Toros Mountains.<\/span><br \/>\n<span style=\"color: #000000;\">How to Get<\/span><br \/>\n<span style=\"color: #000000;\">The products, places and activities that is recommended for the turists who visit the province \u2026<\/span><br \/>\n<span style=\"color: #000000;\">\u2022 Regional Archaeological Museum in the city center, Atat\u00fcrk\u2019s house should be visited.<\/span><br \/>\n<span style=\"color: #000000;\">\u2022 Grand Mosque, Sabanci Central Mosque, church dolls, stone bridges and old houses to be seen Tepeba\u011f (the houses of old Adana),also off-center the places of Anavarza,\u015ear and Misis \u00d6ren, Bird Sanctuary in Akyatan and A\u011fyatan.<\/span><br \/>\n<span style=\"color: #000000;\">\u2022 Adana Kebap should be absolutely eaten,turnip juice and should be drunk.Bici bici must be tasted.<\/span><br \/>\n<span style=\"color: #000000;\">\u2022 The old bazaar should be visited,the rugs of Karatepe should be taken.<\/span><br \/>\n<span style=\"color: #000000;\">\u2022 Archaeological Museum which includes the Works belonging to Hittite<\/span><br \/>\n<span style=\"color: #000000;\">Roman, Byzantine and Ottoman Periods, Ethnographic museum,Atat\u00fcrk Scientific<\/span><br \/>\n<span style=\"color: #000000;\">and Cultural Museum,Misis Mosaic Museum,Misis with the ruins of Sar Oren and<\/span><br \/>\n<span style=\"color: #000000;\">Anavarza,Karasus Ancient Cities are all worth to go around.<\/span><br \/>\n<span style=\"color: #000000;\">\u2022 Adana Region has a rich kitchen.The main ingredients of the meals are<\/span><br \/>\n<span style=\"color: #000000;\">flour, wheat, meat, vegetable varieties, spices, milk, yoghurt and curd.The famous unique dish of the region is \u2018Adana Kebab\u2019 .It is eaten with plenty of greens and onions salad.Turnip juice and Airan(buttermilk) can be drunk.The other famous foods are \u2018Cartlak Kebap, Icli Kofte\u2019 ,\u2019\u00c7ig Kofte\u2019 ,\u2019Anal\u0131 k\u0131zl\u0131\u2019 , \u2018Humus\u2019 ,\u2018 Bartefit\u2019,<\/span><br \/>\n<span style=\"color: #000000;\">\u2018S\u0131kma\u2019 ,S\u0131rdan\u2019,Mumbar\u2019,\u2019Etli kombe\u2019,\u2019Y\u00fcks\u00fck \u00e7orbas\u0131\u2019<\/span><\/p>\n<p><span style=\"color: #000000;\"><strong>Don\u2019t Leave Without\u2026<\/strong><\/span><\/p>\n<ul>\n<li><span style=\"color: #000000;\"><strong>Visiting the Archaeology Museum, the Ethnographic Museum and Ataturk\u2019s house centre.<\/strong><\/span><\/li>\n<li><span style=\"color: #000000;\"><strong>Visiting Ulu Camii, Sabanci Merkez Camii, Bebekli Church, the Stone Bridge over the river Seyhan, and the old house of Adana in Tepebag.<\/strong><\/span><\/li>\n<li><span style=\"color: #000000;\"><strong>Visiting the ruins of Anavarza, Sar, Misis and the bird sanctuary at Akyatan and Agyatan.<\/strong><\/span><\/li>\n<li><span style=\"color: #000000;\"><strong>Feasting on Adana kebap and drinking shalgam and aslama (a licorice drink).<\/strong><\/span><\/li>\n<li><span style=\"color: #000000;\"><strong>Browsing around the old bazaar and buying a Karatepe rug.<\/strong><\/span><\/li>\n<\/ul>\n","protected":false},"excerpt":{"rendered":"<p>Adana Area: 17.253 km\u00b2 Population: 2.349.478 (2012) Geographical Location:\u00a0Adana is situated on the Seyhan River in \u00c7ukurova Plain which is in the South of Taurus Mountains. Adana, which has approximately 160 km shore of Mediterranean Sea, is on the crossroads of important transportation that link Europe to Asia. Neighbouring Provinces :\u00a0On the east Osmaniye ( 90 km) and Hatay (&#8230;<\/p>\n","protected":false},"author":1,"featured_media":0,"parent":0,"menu_order":0,"comment_status":"closed","ping_status":"closed","template":"page-templates\/full-width-container.php","meta":{"footnotes":""},"class_list":["post-51","page","type-page","status-publish","hentry"],"_links":{"self":[{"href":"https:\/\/daahk.org\/eng\/wp-json\/wp\/v2\/pages\/51","targetHints":{"allow":["GET"]}}],"collection":[{"href":"https:\/\/daahk.org\/eng\/wp-json\/wp\/v2\/pages"}],"about":[{"href":"https:\/\/daahk.org\/eng\/wp-json\/wp\/v2\/types\/page"}],"author":[{"embeddable":true,"href":"https:\/\/daahk.org\/eng\/wp-json\/wp\/v2\/users\/1"}],"replies":[{"embeddable":true,"href":"https:\/\/daahk.org\/eng\/wp-json\/wp\/v2\/comments?post=51"}],"version-history":[{"count":3,"href":"https:\/\/daahk.org\/eng\/wp-json\/wp\/v2\/pages\/51\/revisions"}],"predecessor-version":[{"id":100,"href":"https:\/\/daahk.org\/eng\/wp-json\/wp\/v2\/pages\/51\/revisions\/100"}],"wp:attachment":[{"href":"https:\/\/daahk.org\/eng\/wp-json\/wp\/v2\/media?parent=51"}],"curies":[{"name":"wp","href":"https:\/\/api.w.org\/{rel}","templated":true}]}}