{"id":43,"date":"2022-06-04T17:52:25","date_gmt":"2022-06-04T17:52:25","guid":{"rendered":"https:\/\/daahk.org\/eng\/?page_id=43"},"modified":"2025-11-13T18:45:48","modified_gmt":"2025-11-13T15:45:48","slug":"committees","status":"publish","type":"page","link":"https:\/\/daahk.org\/eng\/committees\/","title":{"rendered":"Committees"},"content":{"rendered":"<h3 id=\"block-46d11141-beba-4bfc-9a18-6592f4331cad\" class=\"block-editor-rich-text__editable block-editor-block-list__block wp-block has-text-align-center wp-block-heading rich-text\" role=\"document\" contenteditable=\"true\" aria-multiline=\"true\" aria-label=\"Blok: Ba\u015fl\u0131k\" data-block=\"46d11141-beba-4bfc-9a18-6592f4331cad\" data-type=\"core\/heading\" data-title=\"Ba\u015fl\u0131k\" data-wp-block-attribute-key=\"content\">Honorary President<\/h3>\n<p id=\"block-e487f868-c504-484c-b2cd-3915b0a7b3d0\" class=\"block-editor-rich-text__editable block-editor-block-list__block wp-block has-text-align-center wp-block-paragraph rich-text\" role=\"document\" contenteditable=\"true\" aria-multiline=\"true\" aria-label=\"Blok: Paragraf\" data-block=\"e487f868-c504-484c-b2cd-3915b0a7b3d0\" data-type=\"core\/paragraph\" data-title=\"Paragraf\" data-empty=\"false\" data-wp-block-attribute-key=\"content\">Prof. Dr. Erol Ya\u015far (Mersin \u00dcniversitesi Rekt\u00f6r\u00fc)<\/p>\n<p id=\"block-59044dbf-bf3c-42b6-8bf3-934d557797d5\" class=\"block-editor-rich-text__editable block-editor-block-list__block wp-block has-text-align-center wp-block-paragraph rich-text\" role=\"document\" contenteditable=\"true\" aria-multiline=\"true\" aria-label=\"Blok: Paragraf\" data-block=\"59044dbf-bf3c-42b6-8bf3-934d557797d5\" data-type=\"core\/paragraph\" data-title=\"Paragraf\" data-empty=\"false\" data-wp-block-attribute-key=\"content\">Prof. Dr. Hamit Emrah Beri\u015f (\u00c7ukurova \u00dcniversitesi Rekt\u00f6r\u00fc)<\/p>\n<p id=\"block-f668f2d8-71e4-4d44-8a06-bd09573d7550\" class=\"block-editor-rich-text__editable block-editor-block-list__block wp-block has-text-align-center wp-block-paragraph rich-text\" role=\"document\" contenteditable=\"true\" aria-multiline=\"true\" aria-label=\"Blok: Paragraf\" data-block=\"f668f2d8-71e4-4d44-8a06-bd09573d7550\" data-type=\"core\/paragraph\" data-title=\"Paragraf\" data-empty=\"false\" data-wp-block-attribute-key=\"content\">Prof. Dr. Mehmet Ungan (WONCA Europe \u2013 Immediate Past\u00a0President)<\/p>\n<p id=\"block-c89703e3-f452-4f02-8f6c-b919b1ac3197\" class=\"block-editor-rich-text__editable block-editor-block-list__block wp-block has-text-align-center wp-block-paragraph rich-text\" role=\"document\" contenteditable=\"true\" aria-multiline=\"true\" aria-label=\"Blok: Paragraf\" data-block=\"c89703e3-f452-4f02-8f6c-b919b1ac3197\" data-type=\"core\/paragraph\" data-title=\"Paragraf\" data-empty=\"false\" data-wp-block-attribute-key=\"content\">Prof. Dr. Esra Saat\u00e7\u0131 (TAHUD &#8211; Immediate Past\u00a0President)<\/p>\n<h3 id=\"block-f2f44493-46de-4b3b-a4c0-f6d9a97e8671\" class=\"block-editor-rich-text__editable block-editor-block-list__block wp-block has-text-align-center wp-block-heading rich-text\" role=\"document\" contenteditable=\"true\" aria-multiline=\"true\" aria-label=\"Blok: Ba\u015fl\u0131k\" data-block=\"f2f44493-46de-4b3b-a4c0-f6d9a97e8671\" data-type=\"core\/heading\" data-title=\"Ba\u015fl\u0131k\" data-wp-block-attribute-key=\"content\">Congress Presidents<\/h3>\n<p id=\"block-8a8a6f20-6414-49e2-bc81-44aa743c6c45\" class=\"block-editor-rich-text__editable block-editor-block-list__block wp-block has-text-align-center wp-block-paragraph rich-text\" role=\"document\" contenteditable=\"true\" aria-multiline=\"true\" aria-label=\"Blok: Paragraf\" data-block=\"8a8a6f20-6414-49e2-bc81-44aa743c6c45\" data-type=\"core\/paragraph\" data-title=\"Paragraf\" data-empty=\"false\" data-wp-block-attribute-key=\"content\">Prof. Dr. Ertan Mert<\/p>\n<p id=\"block-6ba6721c-2994-49ed-a733-7e26defe2bda\" class=\"block-editor-rich-text__editable block-editor-block-list__block wp-block has-text-align-center wp-block-paragraph rich-text\" role=\"document\" contenteditable=\"true\" aria-multiline=\"true\" aria-label=\"Blok: Paragraf\" data-block=\"6ba6721c-2994-49ed-a733-7e26defe2bda\" data-type=\"core\/paragraph\" data-title=\"Paragraf\" data-empty=\"false\" data-wp-block-attribute-key=\"content\">Prof. Dr. Ersin Akp\u0131nar<\/p>\n<h3 id=\"block-7feaa169-fb7d-4a61-a1d0-0158fcf79727\" class=\"block-editor-rich-text__editable block-editor-block-list__block wp-block has-text-align-center wp-block-heading rich-text\" role=\"document\" contenteditable=\"true\" aria-multiline=\"true\" aria-label=\"Blok: Ba\u015fl\u0131k\" data-block=\"7feaa169-fb7d-4a61-a1d0-0158fcf79727\" data-type=\"core\/heading\" data-title=\"Ba\u015fl\u0131k\" data-wp-block-attribute-key=\"content\">Scientific Secretariat<\/h3>\n<p id=\"block-4c250533-02c2-4802-ba1c-f0be3ae3dd26\" class=\"block-editor-rich-text__editable block-editor-block-list__block wp-block has-text-align-center wp-block-paragraph rich-text\" role=\"document\" contenteditable=\"true\" aria-multiline=\"true\" aria-label=\"Blok: Paragraf\" data-block=\"4c250533-02c2-4802-ba1c-f0be3ae3dd26\" data-type=\"core\/paragraph\" data-title=\"Paragraf\" data-empty=\"false\" data-wp-block-attribute-key=\"content\">Prof. Dr. Engin Burak Sel\u00e7uk<\/p>\n<p id=\"block-40e6df1b-fa46-42c9-8867-eb6786829031\" class=\"block-editor-rich-text__editable block-editor-block-list__block wp-block has-text-align-center wp-block-paragraph rich-text\" role=\"document\" contenteditable=\"true\" aria-multiline=\"true\" aria-label=\"Blok: Paragraf\" data-block=\"40e6df1b-fa46-42c9-8867-eb6786829031\" data-type=\"core\/paragraph\" data-title=\"Paragraf\" data-empty=\"false\" data-wp-block-attribute-key=\"content\">Assoc. Prof.\u00a0 Dr. Sanem Nemmezi Karaca<\/p>\n<h3 id=\"block-b6fbc87b-6174-4fdc-8988-db8ca72e0178\" class=\"block-editor-rich-text__editable block-editor-block-list__block wp-block has-text-align-center wp-block-heading rich-text\" role=\"document\" contenteditable=\"true\" aria-multiline=\"true\" aria-label=\"Blok: Ba\u015fl\u0131k\" data-block=\"b6fbc87b-6174-4fdc-8988-db8ca72e0178\" data-type=\"core\/heading\" data-title=\"Ba\u015fl\u0131k\" data-wp-block-attribute-key=\"content\">Organizing Committee<strong>*<\/strong><\/h3>\n<figure id=\"block-1f25b8a4-2097-492a-92d2-7e5cb54afd28\" class=\"block-editor-block-list__block wp-block wp-block-table\" tabindex=\"0\" role=\"document\" draggable=\"true\" aria-label=\"Blok: Tablo\" data-block=\"1f25b8a4-2097-492a-92d2-7e5cb54afd28\" data-type=\"core\/table\" data-title=\"Tablo\">\n<table>\n<tbody>\n<tr>\n<td class=\"wp-block-table__cell-content\">\n<div class=\"block-editor-rich-text__editable rich-text\" role=\"textbox\" contenteditable=\"true\" aria-multiline=\"true\" aria-label=\"Ana h\u00fccre metni\">Mahasti Alizadeh<br data-rich-text-line-break=\"true\" \/>Mohammed Al Azemi<br data-rich-text-line-break=\"true\" \/>Abdulaziz Al-Mahrezi<br data-rich-text-line-break=\"true\" \/>Faisal Abdullatif AlNaser<br data-rich-text-line-break=\"true\" \/>Oraib AlSmadi<br data-rich-text-line-break=\"true\" \/>Ali Tanju Altunsu<br data-rich-text-line-break=\"true\" \/>Radost Asenova<br data-rich-text-line-break=\"true\" \/>Ali \u0130hsan \u00c7abuk<br data-rich-text-line-break=\"true\" \/>Nagihan Y\u0131ld\u0131z \u00c7eltek<br data-rich-text-line-break=\"true\" \/>Nezih Da\u011fdeviren<br data-rich-text-line-break=\"true\" \/>Huda Al-Duwaisan<br data-rich-text-line-break=\"true\" \/>Eka Ekaladze<\/div>\n<\/td>\n<td class=\"has-text-align-center wp-block-table__cell-content\">\n<div class=\"block-editor-rich-text__editable rich-text\" role=\"textbox\" contenteditable=\"true\" aria-multiline=\"true\" aria-label=\"Ana h\u00fccre metni\">Alex Harding<br data-rich-text-line-break=\"true\" \/>Zaim Jatic <br data-rich-text-line-break=\"true\" \/>Helena Karppinen<br data-rich-text-line-break=\"true\" \/>Cemal Kavaso\u011fullar\u0131<br data-rich-text-line-break=\"true\" \/>Ljiljana Cvejanov Kezunovi\u0107<br data-rich-text-line-break=\"true\" \/>Sel\u00e7uk M\u0131st\u0131k<br data-rich-text-line-break=\"true\" \/>G\u00fclsen Ceyhun Peker<br data-rich-text-line-break=\"true\" \/>Ferdinando Petrazzuoli<br data-rich-text-line-break=\"true\" \/>Samira Abbasgholizadeh Rahimi<br data-rich-text-line-break=\"true\" \/>\u00d6nder Sezer<br data-rich-text-line-break=\"true\" \/>Suat Sincan<br data-rich-text-line-break=\"true\" \/>Roshanak Naseri Sis<\/div>\n<\/td>\n<td class=\"wp-block-table__cell-content\">\n<div class=\"block-editor-rich-text__editable rich-text\" role=\"textbox\" contenteditable=\"true\" aria-multiline=\"true\" aria-label=\"Ana h\u00fccre metni\">Mohammed Tarawneh<br data-rich-text-line-break=\"true\" \/>H. Volkan Tekayak \u2013\u00a0(TAHUD)<br data-rich-text-line-break=\"true\" \/>Ay\u015fecan Terzio\u011flu<br data-rich-text-line-break=\"true\" \/>Dilek Toprak<br data-rich-text-line-break=\"true\" \/>Merthan Tunay<br data-rich-text-line-break=\"true\" \/>Y\u00fccel Uysal<br data-rich-text-line-break=\"true\" \/>N\u00fckhet Varl\u0131k<br data-rich-text-line-break=\"true\" \/>Denise Alexandra Cunha Velho<br data-rich-text-line-break=\"true\" \/>Josep M. Vilaseca<br data-rich-text-line-break=\"true\" \/>Matilda Vojnovic<br data-rich-text-line-break=\"true\" \/>Burkay Yakar<br data-rich-text-line-break=\"true\" \/>Erhan Yengil<\/div>\n<\/td>\n<\/tr>\n<\/tbody>\n<\/table>\n<\/figure>\n<h3 id=\"block-9b9d76d2-c2d7-4688-ad3f-8c971702523a\" class=\"block-editor-rich-text__editable block-editor-block-list__block wp-block has-text-align-center wp-block-heading rich-text\" role=\"document\" contenteditable=\"true\" aria-multiline=\"true\" aria-label=\"Blok: Ba\u015fl\u0131k\" data-block=\"9b9d76d2-c2d7-4688-ad3f-8c971702523a\" data-type=\"core\/heading\" data-title=\"Ba\u015fl\u0131k\" data-wp-block-attribute-key=\"content\"><strong>Scientific Advisory Board*<\/strong><\/h3>\n<figure id=\"block-b085b2d3-7e62-40cf-904b-4c3455b448c9\" class=\"block-editor-block-list__block wp-block wp-block-table\" tabindex=\"0\" role=\"document\" draggable=\"true\" aria-label=\"Blok: Tablo\" data-block=\"b085b2d3-7e62-40cf-904b-4c3455b448c9\" data-type=\"core\/table\" data-title=\"Tablo\">\n<table>\n<tbody>\n<tr>\n<td class=\"wp-block-table__cell-content\">\n<div class=\"block-editor-rich-text__editable rich-text\" role=\"textbox\" contenteditable=\"true\" aria-multiline=\"true\" aria-label=\"Ana h\u00fccre metni\">Didem Adahan<br data-rich-text-line-break=\"true\" \/>H\u00fclya Akan<br data-rich-text-line-break=\"true\" \/>Derya \u0130ren Akb\u0131y\u0131k<br data-rich-text-line-break=\"true\" \/>Melahat Akdeniz<br data-rich-text-line-break=\"true\" \/>Mehmet Akman<br data-rich-text-line-break=\"true\" \/>Erol Aktun\u00e7<br data-rich-text-line-break=\"true\" \/>Mohammed Al Azemi<br data-rich-text-line-break=\"true\" \/>Mahasti Alizadeh<br data-rich-text-line-break=\"true\" \/>Nabil Mohammed Alkurashi<br data-rich-text-line-break=\"true\" \/>Abdulaziz Al-Mahrezi<br data-rich-text-line-break=\"true\" \/>Faisal Abdul Latif AlNasir<br data-rich-text-line-break=\"true\" \/>Z\u00fcleyha Alper<br data-rich-text-line-break=\"true\" \/>Oraib AlSmadi<br data-rich-text-line-break=\"true\" \/>Tuncay M\u00fcge Alvur<br data-rich-text-line-break=\"true\" \/>Se\u00e7il G\u00fcnher Ar\u0131ca<br data-rich-text-line-break=\"true\" \/>Radost Asenova<br data-rich-text-line-break=\"true\" \/>\u00dcmit Aydo\u011fan<br data-rich-text-line-break=\"true\" \/>Cenk Aypak<br data-rich-text-line-break=\"true\" \/>Okcan Basat<br data-rich-text-line-break=\"true\" \/>U\u011fur Bilge<br data-rich-text-line-break=\"true\" \/>Bruce Brinkley<br data-rich-text-line-break=\"true\" \/>Jo Buchanan<br data-rich-text-line-break=\"true\" \/>Darach O Ciardha<br data-rich-text-line-break=\"true\" \/>Fatma G\u00f6k\u015fin Cihan<br data-rich-text-line-break=\"true\" \/>Dursun \u00c7ad\u0131rc\u0131<br data-rich-text-line-break=\"true\" \/>H\u00fclya \u00c7akmur<br data-rich-text-line-break=\"true\" \/>Yasemin \u00c7ay\u0131r<br data-rich-text-line-break=\"true\" \/>Ay\u015fe \u00c7aylan<br data-rich-text-line-break=\"true\" \/>Mustafa \u00c7elik<br data-rich-text-line-break=\"true\" \/>Serap \u00c7if\u00e7ili<br data-rich-text-line-break=\"true\" \/>Re\u015fat Dabak<br data-rich-text-line-break=\"true\" \/>Nezih Da\u011fdeviren<\/div>\n<\/td>\n<td class=\"has-text-align-center wp-block-table__cell-content\">\n<div class=\"block-editor-rich-text__editable rich-text\" role=\"textbox\" contenteditable=\"true\" aria-multiline=\"true\" aria-label=\"Ana h\u00fccre metni\">Serpil Demira\u011f<br data-rich-text-line-break=\"true\" \/>Nejat Demircan<br data-rich-text-line-break=\"true\" \/>Yeltekin Demirel<br data-rich-text-line-break=\"true\" \/>Mustafa Fevzi Dikici<br data-rich-text-line-break=\"true\" \/>G\u00fczel Di\u015fcigil <br data-rich-text-line-break=\"true\" \/>Huda Al-Duwaisan<br data-rich-text-line-break=\"true\" \/>Eka Ekaladze<br data-rich-text-line-break=\"true\" \/>Abtin Heidarzadeh<br data-rich-text-line-break=\"true\" \/>\u00d6zg\u00fcr Enginyurt<br data-rich-text-line-break=\"true\" \/>Ayfer Gemalmaz<br data-rich-text-line-break=\"true\" \/>S\u00fcleyman G\u00f6rpelio\u011flu<br data-rich-text-line-break=\"true\" \/>Dilek G\u00fcldal<br data-rich-text-line-break=\"true\" \/>F\u00fcsun Art\u0131ran \u0130\u011fde<br data-rich-text-line-break=\"true\" \/>Zaim Jatic<br data-rich-text-line-break=\"true\" \/>Nazan Karao\u011flu<br data-rich-text-line-break=\"true\" \/>Selim Kad\u0131o\u011flu<br data-rich-text-line-break=\"true\" \/>Helena Karppinen<br data-rich-text-line-break=\"true\" \/>Mehtap Kartal<br data-rich-text-line-break=\"true\" \/>Ay\u015feg\u00fcl Y\u0131ld\u0131r\u0131m Kaptano\u011flu<br data-rich-text-line-break=\"true\" \/>\u00c7i\u011fdem Apayd\u0131n Kaya<br data-rich-text-line-break=\"true\" \/>Mehmet Kayhan<br data-rich-text-line-break=\"true\" \/>Ljiljana Cvejanov Kezunovi\u0107<br data-rich-text-line-break=\"true\" \/>Altu\u011f Kut<br data-rich-text-line-break=\"true\" \/>Roar Maagaard<br data-rich-text-line-break=\"true\" \/>Kamile Marako\u011flu<br data-rich-text-line-break=\"true\" \/>Jana Matuszak<br data-rich-text-line-break=\"true\" \/>M\u00fcmtaz Maz\u0131c\u0131o\u011flu<br data-rich-text-line-break=\"true\" \/>Haluk Mergen<br data-rich-text-line-break=\"true\" \/>Vildan Mevsim<br data-rich-text-line-break=\"true\" \/>Sel\u00e7uk M\u0131st\u0131k<br data-rich-text-line-break=\"true\" \/>Ekrem Orbay<br data-rich-text-line-break=\"true\" \/>Nilg\u00fcn \u00d6z\u00e7akar<\/div>\n<\/td>\n<td class=\"wp-block-table__cell-content\">\n<div class=\"block-editor-rich-text__editable rich-text\" role=\"textbox\" contenteditable=\"true\" aria-multiline=\"true\" aria-label=\"Ana h\u00fccre metni\">Alis \u00d6z\u00e7ak\u0131r<br data-rich-text-line-break=\"true\" \/>Adem \u00d6zkara<br data-rich-text-line-break=\"true\" \/>Serdar \u00d6ztora<br data-rich-text-line-break=\"true\" \/>Ferdinando Petrazzuoli<br data-rich-text-line-break=\"true\" \/>Peter Prydz<br data-rich-text-line-break=\"true\" \/>Zuhal Aydan Sa\u011flam<br data-rich-text-line-break=\"true\" \/>Mehmet Sarg\u0131n<br data-rich-text-line-break=\"true\" \/>Oktay Sar\u0131<br data-rich-text-line-break=\"true\" \/>Engin Burak Sel\u00e7uk<br data-rich-text-line-break=\"true\" \/>Turan Set<br data-rich-text-line-break=\"true\" \/>Nurver Turfaner Sipahio\u011flu<br data-rich-text-line-break=\"true\" \/>Roshanak Naseri Sis<br data-rich-text-line-break=\"true\" \/>Erkan Melih \u015eahin<br data-rich-text-line-break=\"true\" \/>Ahmet Muhtar \u015eeng\u00fcl<br data-rich-text-line-break=\"true\" \/>Nazl\u0131 \u015eensoy<br data-rich-text-line-break=\"true\" \/>\u0130smet Tamer<br data-rich-text-line-break=\"true\" \/>\u00d6zlem Tanr\u0131\u00f6ver<br data-rich-text-line-break=\"true\" \/>Mohammed Tarawneh<br data-rich-text-line-break=\"true\" \/>O\u011fuz Tekin<br data-rich-text-line-break=\"true\" \/>Dilek Toprak<br data-rich-text-line-break=\"true\" \/>P\u0131nar Topsever<br data-rich-text-line-break=\"true\" \/>Mehmet U\u011furlu<br data-rich-text-line-break=\"true\" \/>Ye\u015fim Uncu<br data-rich-text-line-break=\"true\" \/>Mehmet Ungan<br data-rich-text-line-break=\"true\" \/>Jinan Usta<br data-rich-text-line-break=\"true\" \/>Arzu Uzuner<br data-rich-text-line-break=\"true\" \/>Pemra \u00dcnalan<br data-rich-text-line-break=\"true\" \/>\u0130lhami \u00dcnl\u00fco\u011flu<br data-rich-text-line-break=\"true\" \/>N\u00fckhet Varl\u0131k<br data-rich-text-line-break=\"true\" \/>Denise Alexandra Cunha Velho<br data-rich-text-line-break=\"true\" \/>Bekta\u015f Murat Yal\u00e7\u0131n<br data-rich-text-line-break=\"true\" \/>Erhan Yengil<br data-rich-text-line-break=\"true\" \/>Emine Ne\u015fe Yeni\u00e7eri<\/div>\n<\/td>\n<\/tr>\n<\/tbody>\n<\/table>\n<\/figure>\n<h6 id=\"block-b216d86c-d242-416a-a7dc-56691a996666\" class=\"block-editor-rich-text__editable block-editor-block-list__block wp-block wp-block-heading rich-text is-hovered\" role=\"document\" contenteditable=\"true\" aria-multiline=\"true\" aria-label=\"Blok: Ba\u015fl\u0131k\" data-block=\"b216d86c-d242-416a-a7dc-56691a996666\" data-type=\"core\/heading\" data-title=\"Ba\u015fl\u0131k\" data-wp-block-attribute-key=\"content\">*Alphabetical order<\/h6>\n","protected":false},"excerpt":{"rendered":"<p>Honorary President Prof. Dr. Erol Ya\u015far (Mersin \u00dcniversitesi Rekt\u00f6r\u00fc) Prof. Dr. Hamit Emrah Beri\u015f (\u00c7ukurova \u00dcniversitesi Rekt\u00f6r\u00fc) Prof. Dr. Mehmet Ungan (WONCA Europe \u2013 Immediate Past\u00a0President) Prof. Dr. Esra Saat\u00e7\u0131 (TAHUD &#8211; Immediate Past\u00a0President) Congress Presidents Prof. Dr. Ertan Mert Prof. Dr. Ersin Akp\u0131nar Scientific Secretariat Prof. Dr. Engin Burak Sel\u00e7uk Assoc. Prof.\u00a0 Dr. Sanem Nemmezi Karaca Organizing Committee* Mahasti&#8230;<\/p>\n","protected":false},"author":1,"featured_media":0,"parent":0,"menu_order":0,"comment_status":"closed","ping_status":"closed","template":"page-templates\/full-width-container.php","meta":{"footnotes":""},"class_list":["post-43","page","type-page","status-publish","hentry"],"_links":{"self":[{"href":"https:\/\/daahk.org\/eng\/wp-json\/wp\/v2\/pages\/43","targetHints":{"allow":["GET"]}}],"collection":[{"href":"https:\/\/daahk.org\/eng\/wp-json\/wp\/v2\/pages"}],"about":[{"href":"https:\/\/daahk.org\/eng\/wp-json\/wp\/v2\/types\/page"}],"author":[{"embeddable":true,"href":"https:\/\/daahk.org\/eng\/wp-json\/wp\/v2\/users\/1"}],"replies":[{"embeddable":true,"href":"https:\/\/daahk.org\/eng\/wp-json\/wp\/v2\/comments?post=43"}],"version-history":[{"count":16,"href":"https:\/\/daahk.org\/eng\/wp-json\/wp\/v2\/pages\/43\/revisions"}],"predecessor-version":[{"id":444,"href":"https:\/\/daahk.org\/eng\/wp-json\/wp\/v2\/pages\/43\/revisions\/444"}],"wp:attachment":[{"href":"https:\/\/daahk.org\/eng\/wp-json\/wp\/v2\/media?parent=43"}],"curies":[{"name":"wp","href":"https:\/\/api.w.org\/{rel}","templated":true}]}}