{"id":21,"date":"2018-07-04T19:45:04","date_gmt":"2018-07-04T19:45:04","guid":{"rendered":"https:\/\/daahk.org\/en\/?page_id=21"},"modified":"2023-09-14T18:51:05","modified_gmt":"2023-09-14T17:51:05","slug":"contact","status":"publish","type":"page","link":"https:\/\/daahk.org\/en\/","title":{"rendered":"Please CLICK www.daahk.org TO OPEN 2024 IMFMC CONGRESS WEBPAGE"},"content":{"rendered":"\n<h2 class=\"wp-block-heading\"><a href=\"http:\/\/www.daahk.org\">www.daahk.org <\/a><\/h2>\n\n\n<h3>Scientific Secretariat<\/h3>\n<blockquote>\n<p><strong>Engin Burak SEL\u00c7UK, MD. Prof.<\/strong><\/p>\n<p>\u0130n\u00f6n\u00fc University Medical Faculty<\/p>\n<p>Family Medicine Department. Malatya, Turkey<\/p>\n<p>\u00a0<\/p>\n<p><strong>Sanem Nemmezi KARACA, MD. Assoc. Prof.<\/strong><\/p>\n<p>Cumhuriyet University Medical Faculty<\/p>\n<p>Family Medicine Department. Sivas, Turkey<\/p>\n<p>e-mail:<a href=\"mailto:scientific@daahk.org\">\u00a0scientific@daahk.org<\/a><\/p>\n<p>\u00a0<\/p>\n<\/blockquote>\n<h3>Organising\u00a0Secretariat<\/h3>\n<blockquote>\n<p><img decoding=\"async\" loading=\"lazy\" class=\"alignleft wp-image-75\" src=\"https:\/\/daahk.org\/en\/wp-content\/uploads\/2018\/07\/logo_8-2.jpg\" alt=\"\" width=\"300\" height=\"192\" srcset=\"https:\/\/daahk.org\/en\/wp-content\/uploads\/2018\/07\/logo_8-2.jpg 1067w, https:\/\/daahk.org\/en\/wp-content\/uploads\/2018\/07\/logo_8-2-300x192.jpg 300w, https:\/\/daahk.org\/en\/wp-content\/uploads\/2018\/07\/logo_8-2-768x492.jpg 768w, https:\/\/daahk.org\/en\/wp-content\/uploads\/2018\/07\/logo_8-2-1024x656.jpg 1024w, https:\/\/daahk.org\/en\/wp-content\/uploads\/2018\/07\/logo_8-2-520x333.jpg 520w, https:\/\/daahk.org\/en\/wp-content\/uploads\/2018\/07\/logo_8-2-740x474.jpg 740w\" sizes=\"(max-width: 300px) 100vw, 300px\" \/><\/p>\n<p>\u00a0<\/p>\n<p>\u00a0<\/p>\n<p>\u00a0<\/p>\n<p>\u00a0<\/p>\n<p>\u00a0<\/p>\n<p>\u00a0<\/p>\n<p><strong>Kum Group Congress &amp; Organizations<\/strong><\/p>\n<p>Ye\u015fil Yurt mah. \u00a070563 Sok. Seyhan \/ 01150\u00a0 Adana \u2013 Turkey<\/p>\n<p>\u00a0<\/p>\n<p><em><strong>Elmas YAPICI (Mrs)<\/strong><\/em><\/p>\n<p>Operation Executive<\/p>\n<p>e \u2013 mail:\u00a0<a href=\"mailto:daahk@kumgroup.net\">daahk@kumgroup.net<\/a><\/p>\n<p><a href=\"http:\/\/www.kumgroup.net\/\">www.kumgroup.net<\/a><\/p>\n<p>All inquiries regarding registration, payment and letters of invitation should be made to\u00a0email :\u00a0<a href=\"mailto:daahk@kumgroup.net\">daahk@kumgroup.net<\/a><\/p>\n<\/blockquote>","protected":false},"excerpt":{"rendered":"<p>www.daahk.org Scientific Secretariat Engin Burak SEL\u00c7UK, MD. Prof. \u0130n\u00f6n\u00fc University Medical Faculty Family Medicine Department. Malatya, Turkey \u00a0 Sanem Nemmezi KARACA, MD. Assoc. Prof. Cumhuriyet University Medical Faculty Family Medicine Department. Sivas, Turkey e-mail:\u00a0scientific@daahk.org \u00a0<a class=\"read-more\" href=\"https:\/\/daahk.org\/en\/\">Continue reading<\/a><\/p>\n","protected":false},"author":1,"featured_media":0,"parent":0,"menu_order":0,"comment_status":"closed","ping_status":"closed","template":"page-templates\/page_fullwidth.php","meta":{"footnotes":""},"_links":{"self":[{"href":"https:\/\/daahk.org\/en\/wp-json\/wp\/v2\/pages\/21"}],"collection":[{"href":"https:\/\/daahk.org\/en\/wp-json\/wp\/v2\/pages"}],"about":[{"href":"https:\/\/daahk.org\/en\/wp-json\/wp\/v2\/types\/page"}],"author":[{"embeddable":true,"href":"https:\/\/daahk.org\/en\/wp-json\/wp\/v2\/users\/1"}],"replies":[{"embeddable":true,"href":"https:\/\/daahk.org\/en\/wp-json\/wp\/v2\/comments?post=21"}],"version-history":[{"count":10,"href":"https:\/\/daahk.org\/en\/wp-json\/wp\/v2\/pages\/21\/revisions"}],"predecessor-version":[{"id":468,"href":"https:\/\/daahk.org\/en\/wp-json\/wp\/v2\/pages\/21\/revisions\/468"}],"wp:attachment":[{"href":"https:\/\/daahk.org\/en\/wp-json\/wp\/v2\/media?parent=21"}],"curies":[{"name":"wp","href":"https:\/\/api.w.org\/{rel}","templated":true}]}}