{"id":9,"date":"2022-07-29T16:29:21","date_gmt":"2022-07-29T16:29:21","guid":{"rendered":"https:\/\/daahk.org\/abstract\/?page_id=9"},"modified":"2025-10-03T07:50:26","modified_gmt":"2025-10-03T04:50:26","slug":"bildiri","status":"publish","type":"page","link":"https:\/\/daahk.org\/abstract\/","title":{"rendered":"Bildiri G\u00f6nderim Sistemi"},"content":{"rendered":"\n<h2 class=\"wp-block-heading\">Abstract Submission System<\/h2>\n\n\n\n<h2 class=\"wp-block-heading\"><strong><mark style=\"background-color:rgba(0, 0, 0, 0)\" class=\"has-inline-color has-accent-color\">DAAHK<\/mark><mark style=\"background-color:rgba(0, 0, 0, 0)\" class=\"has-inline-color has-primary-color\">2026<\/mark><mark style=\"background-color:rgba(0, 0, 0, 0)\" class=\"has-inline-color has-accent-color\"> <\/mark><\/strong><\/h2>\n\n\n\n<p><strong><mark style=\"background-color:rgba(0, 0, 0, 0)\" class=\"has-inline-color has-accent-color\">Bildiri G\u00f6nderim Sistemine Ho\u015f Geldiniz<\/mark><\/strong> \/<strong>Welcome to the Abstract Submission System<\/strong><\/p>\n\n\n\n<ul class=\"wp-block-list\">\n<li>Daha \u00f6nceki y\u0131llarda DAAHK kongresine bildiri g\u00f6ndermemi\u015f iseniz <strong>YEN\u0130 KULLANICI olarak sisteme bilgilerinizi girmeniz gerekmektedir<\/strong>.<\/li>\n\n\n\n<li>Bildirinizi g\u00f6nderebilmeniz i\u00e7in sisteme kay\u0131t olman\u0131z gerekmektedir. \u201c<em>Hesab\u0131n\u0131z yok mu? <\/em><a href=\"https:\/\/daahk.org\/abstract\/?task=register\"><strong><em>Yeni hesap olu\u015ftur<\/em><\/strong><\/a>\u201d (Don&#8217;t have an account?&nbsp;<a href=\"https:\/\/daahk.org\/abstract\/?task=register\">Create an Account<\/a>) linkini t\u0131klayarak kay\u0131t olabilirsiniz.<\/li>\n\n\n\n<li>Sisteme kay\u0131tl\u0131 iseniz a\u015fa\u011f\u0131daki kullan\u0131c\u0131 ad\u0131 ve \u015fifre bilgilerinizi doldurarak bildirinizi g\u00f6nderebilirsiniz.<\/li>\n\n\n\n<li><strong>E\u011fer daha \u00f6nce sisteme kay\u0131t olmad\u0131 iseniz<\/strong>, bildirinizi g\u00f6nderebilmeniz i\u00e7in sisteme kay\u0131t olman\u0131z gerekmektedir. \u201c<em>Hesab\u0131n\u0131z yok mu? <\/em><a href=\"https:\/\/daahk.org\/tr\/bildiri-gonderim-hesabim\/?task=register\"><strong><em>Yeni hesap olu\u015ftur<\/em><\/strong><\/a>\u201d linkini t\u0131klayarak kay\u0131t olabilirsiniz.<\/li>\n\n\n\n<li><strong>Kay\u0131t olurken kulland\u0131\u011f\u0131n\u0131z isme hitaben sonu\u00e7 emailleri sistem \u00fczerinden g\u00f6nderildi\u011finden<\/strong> bu k\u0131sma sizin i\u00e7in en uygun olan\u0131 yan\u0131z\u0131n\u0131z. (\u00d6rne\u011fin;&nbsp;<em>Dr. Ahmet Bilgin<\/em>&nbsp;ya da&nbsp;<em>Do\u00e7. Dr. Ahmet Bilgin<\/em>&nbsp;ya da&nbsp;<em>Uz. Dr. Ahmet Bilgin<\/em>&nbsp;gibi.)<\/li>\n\n\n\n<li><strong>Akademik kullan\u0131mlar i\u00e7in bildiride isminizin yan\u0131na parantez i\u00e7inde ORCID (<em>Open Researcher and Contributor ID<\/em>) numaran\u0131z\u0131 (kullanmak istiyorsan\u0131z) yazman\u0131z ile kongre kitab\u0131nda yer alacakt\u0131r.&nbsp; (\u00d6rne\u011fin; <em>Ahmet Bilgin<\/em>&nbsp; (0002-1234-00023-4321) gibi.<\/strong><\/li>\n\n\n\n<li>Bildiri Sistemine Kay\u0131t olduktan sonra giri\u015f yaparak yeni \u015fifre olu\u015fturabilir (<strong><em>\u015fifrenizi istedi\u011finiz uzunlukta de\u011fi\u015ftirebilirsiniz<\/em><\/strong>) ya da sizin i\u00e7in sistemin olu\u015fturdu\u011fu \u015fifreyi kullanabilirsiniz.<\/li>\n<\/ul>\n\n\n\n<p>Sistem ile ilgili ya\u015fayaca\u011f\u0131n\u0131z sorunlar\u0131n i\u00e7in&nbsp;<a href=\"mailto:contact@daahk.org\">contact@daahk.org<\/a>&nbsp;adresine email yazabilirsiniz.<\/p>\n\n\n\n<div class=\"wpabstracts container\">\n\t<div id=\"loginbox\" style=\"margin-top:50px;\" class=\"mainbox col-md-6 col-md-offset-3 col-sm-8 col-sm-offset-2\">\n\t\t<div style=\"padding: 10px 0;\">\n\t\t\tPlease sign in for your conference participation\t\t<\/div>\n\t\t<div class=\"wpabstracts panel panel-default\" >\n\t\t\t<div class=\"wpabstracts panel-heading\">\n\t\t\t\t<div class=\"wpabstracts panel-title\">\n\t\t\t\t\tSign In\t\t\t\t<\/div>\n\t\t\t\t<div style=\"float:right; font-size: 80%; position: relative; top:-18px\">Forgot Password <a href=https:\/\/daahk.org\/abstract\/?task=lostpassword>Reset<\/a><\/div>\n\t\t\t<\/div>\n\n\t\t\t<div style=\"padding-top:30px\" class=\"wpabstracts panel-body\" >\n\n\t\t\t\t<div style=\"display:none\" id=\"wpabstracts-alert\" class=\"wpabstracts alert alert-danger col-sm-12\"><\/div>\n\n\t\t\t\t<form id=\"loginform\" class=\"wpabstracts form-horizontal\" role=\"form\">\n\n\t\t\t\t\t<div style=\"margin-bottom: 25px\" class=\"wpabstracts input-group\">\n\t\t\t\t\t\t<span class=\"input-group-addon\"><i class=\"glyphicon glyphicon-user\"><\/i><\/span>\n\t\t\t\t\t\t<input id=\"wpabstracts-username\" type=\"text\" class=\"wpabstracts form-control\" name=\"username\" value=\"\" placeholder=\"Kullan\u0131c\u0131 ad\u0131 ya da email\">\n\t\t\t\t\t<\/div>\n\n\t\t\t\t\t<div style=\"margin-bottom: 25px\" class=\"wpabstracts input-group\">\n\t\t\t\t\t\t<span class=\"input-group-addon\"><i class=\"glyphicon glyphicon-lock\"><\/i><\/span>\n\t\t\t\t\t\t<input id=\"wpabstracts-password\" type=\"password\" class=\"wpabstracts form-control\" name=\"password\" placeholder=\"\u015eifre\">\n\t\t\t\t\t<\/div>\n\n\t\t\t\t\t\t\t\t\t\t\t<div class=\"wpabstracts input-group\">\n\t\t\t\t\t\t\t\t\t\t\t\t\t\t\t\t\t\t<input type=\"hidden\" id=\"captcha_hash\" name=\"captcha_hash\" value=\"dafbc4562ed9afba764baf2e29de2ec4\" \/>\n\t\t\t<label for=\"captcha_input\" class=\"wpabstracts control-label\">Enter security code (required)<\/label>\n\t\t\t<div class=\"row\">\n\t\t\t\t<div class=\"col-xs-8\">\n\t\t\t\t\t<div class=\"wpabstracts input-group\">\n\t\t\t\t\t\t<span class=\"input-group-addon\"><i class=\"fas fa-shield-alt\"><\/i><\/span>\n\t\t\t\t\t\t<input class=\"wpabstracts form-control\" type=\"text\" id=\"captcha_input\" name=\"captcha_input\" required>\n\t\t\t\t\t<\/div>\n\t\t\t\t<\/div>\n\t\t\t\t<div class=\"col-xs-4\">\n\t\t\t\t\t<img decoding=\"async\" src=\"data:image\/png;base64,iVBORw0KGgoAAAANSUhEUgAAAFAAAAAeCAIAAAA0IQ7mAAAACXBIWXMAAA7EAAAOxAGVKw4bAAAD20lEQVRYhe2YTUgqXRjHz40kXLVRomWrcBd+tTBdKEQpwWAMFFErbRZJVAQFBeJCIoOioIKIgSSyTYJEuQiizJJyERIGg\/hVIhIyaeIHjTp3MdD7ljp6b17fF6+\/lefwP4\/P\/zxznjPMD5Ikwd9E03+dQK1pGK53GoYLiMfjOI7XIJXa8MkwhmELCwsikchut1MzVqsVhuH+\/v50Ol0qhN\/v1+v1arV6fn7e5XL92Xy\/zSfDmUwGQZD29na9Xp\/NZgEAXV1dyWRyYmKCyWQWXW+z2aanpwUCAYIg8XhcrVbf3t4WVWaz2Wg0GgqFfD7f4+Pj\/f29w+EIhUJVt1QGsgCn08nlcs1mM0mSCILodLpCDQWO42Kx2Ol0UsNUKiWTyZRKZVExiqIikWhgYGBwcHBkZESlUgkEguPj41LB\/xDNhVvA5\/M5HI7JZIpEIgwGY3FxsdRmWSyWXC7H5\/OpIZPJlEqlR0dHfr+\/o6Pji9jj8ZycnLS2tlLDu7u75eVluVxOUwyCIA4PD8\/Ozt7f3zUaTU9Pz68VsxjFm9bw8LDX63U4HAaDoampZGN7enr68qh3dnZS84Xi0dHRD7cAgO3tbbVaTRM8kUiMj4\/bbLbu7m6fz2cwGMqaqYQiFQYAJJNJAEBbW1upo0vBZrNfX1+j0SiLxaJmWlpaAAD5fL5QzOFwPn5fX1+\/vb319fWVipzP5ycnJ1ks1srKCgDA6XTGYrHybiqgyAbb7XaTyaRUKi8vL8PhMM1ihULR3NxsMBioHo5h2ObmJgCAzWbT\/ytVXhrB\/v5+IBCgTlM6nQ6FQgiClDVTEV\/O9MPDg0Qicbvd4XBYKBRqtVr6HnBzcyOXy0UiEQRBOp1Oq9UKhcJMJkOz5OLiolRj+0ChUKyurpIk6fF4NBrN+fl5+XZUGZ8MYxgmkUiMRiM1XFpa4nK5KIru7u4SBEETJRKJJBIJkiQhCJqamqJR5nI5GIatViuNJhgMcrnctbU1vV6\/s7NDRa4W\/xh+eXkZGhr69yWUTCYRBJmdnQ0Gg5XEOj095fF4brebRmM2myEIyuVyNBrqXtzb26Pf5d+jyD38e7hcLrFYjKIojSaVSvX29losFvpQGIZRT9bHDEEQz8\/PVcmzCoZjsdjW1pZMJqPeVWhYX1+Xy+WV1A2GYalUGggECIK4urqam5vzer3fT5X8puFEIjEzM6NSqVAUxXGcXhwMBoVC4cHBQSWRMQyDIIjH48EwbDQa6bvgL\/GDrNUnno2NDSaTOTY2Rt3VlUAQBIPBqG4atTP8P6HxAaDeaRiudxqG652G4XrnrzP8E4Ja229Zr8RBAAAAAElFTkSuQmCC\" alt=\"captcha\" \/>\n\t\t\t\t<\/div>\n\t\t\t<\/div>\n\t\t\t\t\t\t\t\t\t\t\t\t\t\t\t<\/div>\n\t\t\t\t\t\n\t\t\t\t\t<div style=\"margin-top:10px\" class=\"wpabstracts form-group\">\n\t\t\t\t\t\t<div class=\"col-sm-12 controls\">\n\t\t\t\t\t\t\t<button id=\"wpabstracts-login\" class=\"btn btn-info btn-block\">Login <i class=\"fa fa-spinner fa-spin isloading\"><\/i><\/button>\n\t\t\t\t\t\t<\/div>\n\t\t\t\t\t<\/div>\n\n\t\t\t\t\t<div class=\"wpabstracts form-group\">\n\t\t\t\t\t\t<div class=\"wpabstracts col-xs-12\">\n\t\t\t\t\t\t\t<input type=\"checkbox\" id=\"wpabstracts-remember\" value=\"forever\"> Remember Me\t\t\t\t\t\t<\/div>\n\t\t\t\t\t<\/div>\n\n\t\t\t\t\t<div class=\"form-group\">\n\t\t\t\t\t\t<div class=\"col-md-12 control\">\n\t\t\t\t\t\t\t<div style=\"border-top: 1px solid #ccc; padding-top:15px; font-size:14px\">\n\t\t\t\t\t\t\t\tDon't have an account?  <a href=https:\/\/daahk.org\/abstract\/?task=register>Create an Account<\/a>\t\t\t\t\t\t\t<\/div>\n\t\t\t\t\t\t<\/div>\n\t\t\t\t\t<\/div>\n\t\t\t\t<\/form>\n\t\t\t<\/div>\n\t\t<\/div>\n\t<\/div>\n<\/div>\n<script type=\"text\/javascript\">\n\njQuery( document ).ready(function() {\n    var rememberme = localStorage.getItem('wpa_remember');\n\tif(rememberme){\n\t\tvar rem = JSON.parse(rememberme);\n\t\tjQuery('#wpabstracts-remember').attr('checked', rem.remember);\n\t\tif(rem.remember){\n\t\t\tjQuery('#wpabstracts-username').val(rem.username);\n\t\t}\n\t}\n\n\tvar manageLoader = function(show){\n\t\tif(show){\n\t\t\tjQuery('#wpabstracts-login i').removeClass('isloading');\n\t\t}else {\n\t\t\tjQuery('#wpabstracts-login i').addClass('isloading');\n\t\t}\n\t};\n\n\tjQuery('#wpabstracts-login').on('click', function(e){\n\t\te.preventDefault();\n\t\tvar username = jQuery('#wpabstracts-username').val();\n\t\tvar password = jQuery('#wpabstracts-password').val();\n\t\tvar captcha = jQuery('#captcha_input').val();\n\t\tvar hash = jQuery('#captcha_hash').val();\n\t\tvar remember = jQuery('#wpabstracts-remember').is(':checked');\n\n\t\tif(!username || !password){\n\t\t\tjQuery('#wpabstracts-alert').text(wpabstracts.sign_in_msg).show();\n\t\t\treturn;\n\t\t}\n\n\t\tif(hash && !captcha) {\n\t\t\tjQuery('#wpabstracts-alert').text(wpabstracts.captcha_required).show();\n\t\t\treturn;\n\t\t}\n\n\t\tvar rememberMe = {'remember':remember, 'username':username};\n\t\tlocalStorage.setItem('wpa_remember', JSON.stringify(rememberMe));\n\n\t\tmanageLoader(true);\n\n\t\tvar ajax_data = {\n\t\t\taction: 'wpa_login',\n\t\t\tlog: username,\n\t\t\tpwd: password,\n\t\t\tcaptcha_input: captcha,\n\t\t\tcaptcha_hash: hash,\n\t\t\trememberme: remember\n\t\t};\n\n\t\tjQuery.ajax({\n\t\t\turl: wpabstracts.ajaxurl,\n\t\t\ttype: 'POST',\n\t\t\tdata: ajax_data,\n\t\t\tsuccess: function(data){\n\t\t\t\tvar response = JSON.parse(data);\n\t\t\t\tif(response.success){\n\t\t\t\t\tjQuery('#wpabstracts-alert')\n\t\t\t\t\t.removeClass('alert-danger')\n\t\t\t\t\t.addClass('alert-info')\n\t\t\t\t\t.text(response.message)\n\t\t\t\t\t.show();\n\t\t\t\t\twindow.location.href = response.redirect;\n\t\t\t\t}else{\n\t\t\t\t\tjQuery('#wpabstracts-alert').text(response.message).show();\n\t\t\t\t\tmanageLoader(false);\n\t\t\t\t}\n\t\t\t},\n\t\t\terror: function (xhr, status) {\n\t\t\t\tmanageLoader(false);\n\t\t\t\tconsole.log('Login Ajax Error: ', xhr);\n\t\t\t}\n\t\t});\n\t});\n});\n\n<\/script>\n\n","protected":false},"excerpt":{"rendered":"<p>Abstract Submission System DAAHK2026 Bildiri G\u00f6nderim Sistemine Ho\u015f Geldiniz \/Welcome to the Abstract Submission System Sistem ile ilgili ya\u015fayaca\u011f\u0131n\u0131z sorunlar\u0131n i\u00e7in&nbsp;contact@daahk.org&nbsp;adresine email yazabilirsiniz.<\/p>\n","protected":false},"author":1,"featured_media":0,"parent":0,"menu_order":0,"comment_status":"closed","ping_status":"closed","template":"templates\/template-full-width.php","meta":{"footnotes":""},"class_list":["post-9","page","type-page","status-publish","hentry"],"_links":{"self":[{"href":"https:\/\/daahk.org\/abstract\/wp-json\/wp\/v2\/pages\/9","targetHints":{"allow":["GET"]}}],"collection":[{"href":"https:\/\/daahk.org\/abstract\/wp-json\/wp\/v2\/pages"}],"about":[{"href":"https:\/\/daahk.org\/abstract\/wp-json\/wp\/v2\/types\/page"}],"author":[{"embeddable":true,"href":"https:\/\/daahk.org\/abstract\/wp-json\/wp\/v2\/users\/1"}],"replies":[{"embeddable":true,"href":"https:\/\/daahk.org\/abstract\/wp-json\/wp\/v2\/comments?post=9"}],"version-history":[{"count":18,"href":"https:\/\/daahk.org\/abstract\/wp-json\/wp\/v2\/pages\/9\/revisions"}],"predecessor-version":[{"id":137,"href":"https:\/\/daahk.org\/abstract\/wp-json\/wp\/v2\/pages\/9\/revisions\/137"}],"wp:attachment":[{"href":"https:\/\/daahk.org\/abstract\/wp-json\/wp\/v2\/media?parent=9"}],"curies":[{"name":"wp","href":"https:\/\/api.w.org\/{rel}","templated":true}]}}